{"id":800,"date":"2024-01-25T11:24:48","date_gmt":"2024-01-25T11:24:48","guid":{"rendered":"https:\/\/www.yavuzcehre.com.tr\/?page_id=800"},"modified":"2024-02-06T08:18:02","modified_gmt":"2024-02-06T08:18:02","slug":"toplum","status":"publish","type":"page","link":"https:\/\/www.yavuzcehre.com.tr\/en\/toplum\/","title":{"rendered":"Society"},"content":{"rendered":"<div class=\"wp-block-cover is-light eplus-wrapper\" style=\"min-height:745px;aspect-ratio:unset;\"><span aria-hidden=\"true\" class=\"wp-block-cover__background has-background-dim-30 has-background-dim\"><\/span><img loading=\"lazy\" decoding=\"async\" width=\"1541\" height=\"867\" class=\"wp-block-cover__image-background wp-image-801\" alt=\"\" src=\"https:\/\/www.yavuzcehre.com.tr\/wp-content\/uploads\/2024\/01\/kapka.jpeg\" data-object-fit=\"cover\" srcset=\"https:\/\/www.yavuzcehre.com.tr\/wp-content\/uploads\/2024\/01\/kapka.jpeg 1541w, https:\/\/www.yavuzcehre.com.tr\/wp-content\/uploads\/2024\/01\/kapka-300x169.jpeg 300w, https:\/\/www.yavuzcehre.com.tr\/wp-content\/uploads\/2024\/01\/kapka-1024x576.jpeg 1024w, https:\/\/www.yavuzcehre.com.tr\/wp-content\/uploads\/2024\/01\/kapka-768x432.jpeg 768w, https:\/\/www.yavuzcehre.com.tr\/wp-content\/uploads\/2024\/01\/kapka-1536x864.jpeg 1536w, https:\/\/www.yavuzcehre.com.tr\/wp-content\/uploads\/2024\/01\/kapka-200x113.jpeg 200w\" sizes=\"auto, (max-width: 1541px) 100vw, 1541px\" \/><div class=\"wp-block-cover__inner-container has-global-padding is-layout-constrained wp-block-cover-is-layout-constrained\">\n<figure class=\"wp-block-image aligncenter size-full eplus-wrapper\"><img loading=\"lazy\" decoding=\"async\" width=\"171\" height=\"172\" src=\"https:\/\/www.yavuzcehre.com.tr\/wp-content\/uploads\/2024\/01\/Yavuzcehre-icon-toplum.png\" alt=\"\" class=\"wp-image-666\" srcset=\"https:\/\/www.yavuzcehre.com.tr\/wp-content\/uploads\/2024\/01\/Yavuzcehre-icon-toplum.png 171w, https:\/\/www.yavuzcehre.com.tr\/wp-content\/uploads\/2024\/01\/Yavuzcehre-icon-toplum-150x150.png 150w\" sizes=\"auto, (max-width: 171px) 100vw, 171px\" \/><\/figure>\n\n\n\n<h2 class=\"wp-block-heading has-text-align-center has-base-color has-text-color eplus-wrapper\" style=\"font-style:normal;font-weight:700\">SOCIETY<\/h2>\n\n\n\n<p class=\"has-text-align-center has-base-color has-text-color has-medium-font-size eplus-wrapper\" style=\"font-style:normal;font-weight:700\"><em>\u201cWe are fighting for the society.\u201d<\/em><\/p>\n<\/div><\/div>\n\n\n\n<div class=\"wp-block-group eplus-wrapper has-global-padding is-layout-constrained wp-container-core-group-is-layout-4427eaab wp-block-group-is-layout-constrained\" style=\"padding-top:75px;padding-bottom:75px\">\n<p class=\"has-text-align-center has-small-font-size eplus-wrapper\">We established the Ali Yavuz\u00e7ehre Foundation in Denizli in 2023 to expand our social activities. The aim of our foundation is to meet the needs of future generations, support underprivileged individuals and fight for social justice. The foundation's areas of work are divided into education, culture-art, sports and social impact.<\/p>\n<\/div>\n\n\n\n<div class=\"wp-block-group eplus-wrapper has-global-padding is-layout-constrained wp-block-group-is-layout-constrained\">\n<div class=\"wreverse wp-block-group alignwide eplus-wrapper is-content-justification-center is-layout-flex wp-container-core-group-is-layout-11ff76fe wp-block-group-is-layout-flex\" style=\"padding-top:var(--wp--preset--spacing--30);padding-bottom:var(--wp--preset--spacing--30)\">\n<div class=\"wp-block-group eplus-wrapper has-global-padding is-layout-constrained wp-container-core-group-is-layout-279e0ccb wp-block-group-is-layout-constrained\">\n<p class=\"has-text-align-center has-text-color eplus-wrapper\" style=\"color:#006ba1;padding-top:10px;padding-bottom:10px;font-size:clamp(0.984rem, 0.984rem + ((1vw - 0.2rem) * 0.938), 1.5rem);font-style:normal;font-weight:700\">Sports<\/p>\n\n\n\n<p class=\"has-text-align-center has-small-font-size eplus-wrapper\">We established the Ali Yavuz\u00e7ehre Foundation in Denizli in 2023 to expand our social activities. The aim of our foundation is to meet the needs of future generations, support underprivileged individuals and fight for social justice. The foundation's areas of work are divided into education, culture-art, sports and social impact.<\/p>\n\n\n\n<p class=\"has-text-align-center has-small-font-size eplus-wrapper\">For more detailed information&nbsp;<a href=\"https:\/\/aliyavuzcehrevakfi.org\/spor\/\">click here.<\/a>.<\/p>\n<\/div>\n\n\n\n<figure class=\"wp-block-image size-full is-resized has-custom-border eplus-wrapper\"><img loading=\"lazy\" decoding=\"async\" width=\"800\" height=\"533\" src=\"https:\/\/www.yavuzcehre.com.tr\/wp-content\/uploads\/2024\/01\/toplum-spor.jpg\" alt=\"\" class=\"wp-image-805\" style=\"border-radius:30px;aspect-ratio:4\/3;object-fit:cover;width:500px\" srcset=\"https:\/\/www.yavuzcehre.com.tr\/wp-content\/uploads\/2024\/01\/toplum-spor.jpg 800w, https:\/\/www.yavuzcehre.com.tr\/wp-content\/uploads\/2024\/01\/toplum-spor-300x200.jpg 300w, https:\/\/www.yavuzcehre.com.tr\/wp-content\/uploads\/2024\/01\/toplum-spor-768x512.jpg 768w, https:\/\/www.yavuzcehre.com.tr\/wp-content\/uploads\/2024\/01\/toplum-spor-200x133.jpg 200w\" sizes=\"auto, (max-width: 800px) 100vw, 800px\" \/><\/figure>\n<\/div>\n\n\n\n<div class=\"wp-block-group alignwide eplus-wrapper is-content-justification-center is-layout-flex wp-container-core-group-is-layout-11ff76fe wp-block-group-is-layout-flex\" style=\"padding-top:var(--wp--preset--spacing--30);padding-bottom:var(--wp--preset--spacing--30)\">\n<figure class=\"wp-block-image size-full is-resized has-custom-border eplus-wrapper\"><img loading=\"lazy\" decoding=\"async\" width=\"800\" height=\"600\" src=\"https:\/\/www.yavuzcehre.com.tr\/wp-content\/uploads\/2024\/01\/kapak-kultur.png\" alt=\"\" class=\"wp-image-802\" style=\"border-radius:30px;aspect-ratio:4\/3;object-fit:cover;width:500px\" srcset=\"https:\/\/www.yavuzcehre.com.tr\/wp-content\/uploads\/2024\/01\/kapak-kultur.png 800w, https:\/\/www.yavuzcehre.com.tr\/wp-content\/uploads\/2024\/01\/kapak-kultur-300x225.png 300w, https:\/\/www.yavuzcehre.com.tr\/wp-content\/uploads\/2024\/01\/kapak-kultur-768x576.png 768w, https:\/\/www.yavuzcehre.com.tr\/wp-content\/uploads\/2024\/01\/kapak-kultur-200x150.png 200w\" sizes=\"auto, (max-width: 800px) 100vw, 800px\" \/><\/figure>\n\n\n\n<div class=\"wp-block-group eplus-wrapper has-global-padding is-layout-constrained wp-container-core-group-is-layout-279e0ccb wp-block-group-is-layout-constrained\">\n<p class=\"has-text-align-center has-text-color eplus-wrapper\" style=\"color:#006ba1;padding-top:10px;padding-bottom:10px;font-size:clamp(0.984rem, 0.984rem + ((1vw - 0.2rem) * 0.938), 1.5rem);font-style:normal;font-weight:700\">Culture-Arts<\/p>\n\n\n\n<p class=\"has-text-align-center has-small-font-size eplus-wrapper\">We believe that Culture and Art Activities are the most important tool of social development. That's why we implement activities that affect the public interest and the entire society.<\/p>\n\n\n\n<p class=\"has-text-align-center has-small-font-size eplus-wrapper\">For more detailed information&nbsp;<a href=\"https:\/\/aliyavuzcehrevakfi.org\/kultur-sanat\/\">click here.<\/a>.<\/p>\n<\/div>\n<\/div>\n\n\n\n<div class=\"wreverse wp-block-group alignwide eplus-wrapper is-content-justification-center is-layout-flex wp-container-core-group-is-layout-11ff76fe wp-block-group-is-layout-flex\" style=\"padding-top:var(--wp--preset--spacing--30);padding-bottom:var(--wp--preset--spacing--30)\">\n<div class=\"wp-block-group eplus-wrapper has-global-padding is-layout-constrained wp-container-core-group-is-layout-279e0ccb wp-block-group-is-layout-constrained\">\n<p class=\"has-text-align-center has-text-color eplus-wrapper\" style=\"color:#006ba1;padding-top:10px;padding-bottom:10px;font-size:clamp(0.984rem, 0.984rem + ((1vw - 0.2rem) * 0.938), 1.5rem);font-style:normal;font-weight:700\">Education<\/p>\n\n\n\n<p class=\"has-text-align-center has-small-font-size eplus-wrapper\">In order to prevent inequality of opportunity in education, we provide a scholarship program that provides young people with limited opportunities with opportunities to achieve academic success as well as personal development, talents and goals.<\/p>\n\n\n\n<p class=\"has-text-align-center has-small-font-size eplus-wrapper\">For more detailed information&nbsp;<a href=\"https:\/\/aliyavuzcehrevakfi.org\/egitimbursu\/\">click here.<\/a>.<\/p>\n<\/div>\n\n\n\n<figure class=\"wp-block-image size-large is-resized has-custom-border eplus-wrapper\"><img loading=\"lazy\" decoding=\"async\" width=\"1024\" height=\"576\" src=\"https:\/\/www.yavuzcehre.com.tr\/wp-content\/uploads\/2024\/01\/burs-1024x576.jpg\" alt=\"\" class=\"wp-image-803\" style=\"border-radius:30px;aspect-ratio:4\/3;object-fit:cover;width:500px\" srcset=\"https:\/\/www.yavuzcehre.com.tr\/wp-content\/uploads\/2024\/01\/burs-1024x576.jpg 1024w, https:\/\/www.yavuzcehre.com.tr\/wp-content\/uploads\/2024\/01\/burs-300x169.jpg 300w, https:\/\/www.yavuzcehre.com.tr\/wp-content\/uploads\/2024\/01\/burs-768x432.jpg 768w, https:\/\/www.yavuzcehre.com.tr\/wp-content\/uploads\/2024\/01\/burs-1536x864.jpg 1536w, https:\/\/www.yavuzcehre.com.tr\/wp-content\/uploads\/2024\/01\/burs-200x113.jpg 200w, https:\/\/www.yavuzcehre.com.tr\/wp-content\/uploads\/2024\/01\/burs.jpg 1920w\" sizes=\"auto, (max-width: 1024px) 100vw, 1024px\" \/><\/figure>\n<\/div>\n\n\n\n<div class=\"wp-block-group alignwide eplus-wrapper is-content-justification-center is-layout-flex wp-container-core-group-is-layout-11ff76fe wp-block-group-is-layout-flex\" style=\"padding-top:var(--wp--preset--spacing--30);padding-bottom:var(--wp--preset--spacing--30)\">\n<figure class=\"wp-block-image size-large is-resized has-custom-border eplus-wrapper\"><img loading=\"lazy\" decoding=\"async\" width=\"1024\" height=\"576\" src=\"https:\/\/www.yavuzcehre.com.tr\/wp-content\/uploads\/2024\/01\/sosyal_etki-1024x576.jpg\" alt=\"\" class=\"wp-image-804\" style=\"border-radius:30px;aspect-ratio:4\/3;object-fit:cover;width:500px\" srcset=\"https:\/\/www.yavuzcehre.com.tr\/wp-content\/uploads\/2024\/01\/sosyal_etki-1024x576.jpg 1024w, https:\/\/www.yavuzcehre.com.tr\/wp-content\/uploads\/2024\/01\/sosyal_etki-300x169.jpg 300w, https:\/\/www.yavuzcehre.com.tr\/wp-content\/uploads\/2024\/01\/sosyal_etki-768x432.jpg 768w, https:\/\/www.yavuzcehre.com.tr\/wp-content\/uploads\/2024\/01\/sosyal_etki-1536x864.jpg 1536w, https:\/\/www.yavuzcehre.com.tr\/wp-content\/uploads\/2024\/01\/sosyal_etki-200x113.jpg 200w, https:\/\/www.yavuzcehre.com.tr\/wp-content\/uploads\/2024\/01\/sosyal_etki.jpg 1920w\" sizes=\"auto, (max-width: 1024px) 100vw, 1024px\" \/><\/figure>\n\n\n\n<div class=\"wp-block-group eplus-wrapper has-global-padding is-layout-constrained wp-container-core-group-is-layout-279e0ccb wp-block-group-is-layout-constrained\">\n<p class=\"has-text-align-center has-text-color eplus-wrapper\" style=\"color:#006ba1;padding-top:10px;padding-bottom:10px;font-size:clamp(0.984rem, 0.984rem + ((1vw - 0.2rem) * 0.938), 1.5rem);font-style:normal;font-weight:700\">Social Impact<\/p>\n\n\n\n<p class=\"has-text-align-center has-small-font-size eplus-wrapper\">We carry out projects, events and campaigns through strategic collaborations developed in line with social needs in order to empower individuals with limited opportunities (in terms of economic, cultural, geographical, social and educational difficulties), eliminate inequalities of opportunity and support their active participation in society.<\/p>\n\n\n\n<p class=\"has-text-align-center has-small-font-size eplus-wrapper\">For more detailed information&nbsp;<a href=\"https:\/\/aliyavuzcehrevakfi.org\/sosyal-etki\/\">click here.<\/a>.<\/p>\n<\/div>\n<\/div>\n<\/div>","protected":false},"excerpt":{"rendered":"<p>Ali Yavuz\u00e7ehre Vakf\u0131\u2019n\u0131 toplumsal faaliyetlerimizi yayg\u0131nla\u015ft\u0131rmak amac\u0131yla 2023 y\u0131l\u0131nda Denizli\u2019de kurduk. Vakf\u0131m\u0131z\u0131n amac\u0131, gelecek nesillerin ihtiya\u00e7lar\u0131n\u0131 kar\u015f\u0131lamak, imkan\u0131 k\u0131s\u0131tl\u0131 bireyleri desteklemek ve sosyal adalet i\u00e7in m\u00fccadele etmektir. Vakf\u0131n \u00e7al\u0131\u015fma alanlar\u0131 e\u011fitim, k\u00fclt\u00fcr-sanat , spor ve sosyal etki olarak ayr\u0131lmaktad\u0131r. Spor Toplumlar\u0131n devaml\u0131l\u0131\u011f\u0131n\u0131n sa\u011flanmas\u0131nda, k\u00fclt\u00fcrlerinin korunmas\u0131nda ve toplumsal geli\u015fmenin sa\u011flanmas\u0131nda ba\u015fka ara\u00e7lar oldu\u011fu kadar sporun da [&hellip;]<\/p>","protected":false},"author":4,"featured_media":0,"parent":0,"menu_order":0,"comment_status":"closed","ping_status":"closed","template":"","meta":{"editor_plus_copied_stylings":"{}","footnotes":""},"class_list":["post-800","page","type-page","status-publish","hentry"],"yoast_head":"<!-- This site is optimized with the Yoast SEO plugin v22.0 - https:\/\/yoast.com\/wordpress\/plugins\/seo\/ -->\n<title>Toplum - YAVUZ\u00c7EHRE<\/title>\n<meta name=\"robots\" content=\"index, follow, max-snippet:-1, max-image-preview:large, max-video-preview:-1\" \/>\n<link rel=\"canonical\" href=\"https:\/\/www.yavuzcehre.com.tr\/en\/toplum\/\" \/>\n<meta property=\"og:locale\" content=\"en_US\" \/>\n<meta property=\"og:type\" content=\"article\" \/>\n<meta property=\"og:title\" content=\"Toplum - YAVUZ\u00c7EHRE\" \/>\n<meta property=\"og:description\" content=\"Ali Yavuz\u00e7ehre Vakf\u0131\u2019n\u0131 toplumsal faaliyetlerimizi yayg\u0131nla\u015ft\u0131rmak amac\u0131yla 2023 y\u0131l\u0131nda Denizli\u2019de kurduk. Vakf\u0131m\u0131z\u0131n amac\u0131, gelecek nesillerin ihtiya\u00e7lar\u0131n\u0131 kar\u015f\u0131lamak, imkan\u0131 k\u0131s\u0131tl\u0131 bireyleri desteklemek ve sosyal adalet i\u00e7in m\u00fccadele etmektir. Vakf\u0131n \u00e7al\u0131\u015fma alanlar\u0131 e\u011fitim, k\u00fclt\u00fcr-sanat , spor ve sosyal etki olarak ayr\u0131lmaktad\u0131r. Spor Toplumlar\u0131n devaml\u0131l\u0131\u011f\u0131n\u0131n sa\u011flanmas\u0131nda, k\u00fclt\u00fcrlerinin korunmas\u0131nda ve toplumsal geli\u015fmenin sa\u011flanmas\u0131nda ba\u015fka ara\u00e7lar oldu\u011fu kadar sporun da [&hellip;]\" \/>\n<meta property=\"og:url\" content=\"https:\/\/www.yavuzcehre.com.tr\/en\/toplum\/\" \/>\n<meta property=\"og:site_name\" content=\"YAVUZ\u00c7EHRE\" \/>\n<meta property=\"article:publisher\" content=\"https:\/\/www.facebook.com\/yavuzcehretekstil\/\" \/>\n<meta property=\"article:modified_time\" content=\"2024-02-06T08:18:02+00:00\" \/>\n<meta property=\"og:image\" content=\"https:\/\/www.yavuzcehre.com.tr\/wp-content\/uploads\/2024\/01\/kapka.jpeg\" \/>\n<meta name=\"twitter:card\" content=\"summary_large_image\" \/>\n<meta name=\"twitter:label1\" content=\"Est. reading time\" \/>\n\t<meta name=\"twitter:data1\" content=\"2 minutes\" \/>\n<script type=\"application\/ld+json\" class=\"yoast-schema-graph\">{\"@context\":\"https:\/\/schema.org\",\"@graph\":[{\"@type\":\"WebPage\",\"@id\":\"https:\/\/www.yavuzcehre.com.tr\/toplum\/\",\"url\":\"https:\/\/www.yavuzcehre.com.tr\/toplum\/\",\"name\":\"Toplum - YAVUZ\u00c7EHRE\",\"isPartOf\":{\"@id\":\"https:\/\/www.yavuzcehre.com.tr\/#website\"},\"datePublished\":\"2024-01-25T11:24:48+00:00\",\"dateModified\":\"2024-02-06T08:18:02+00:00\",\"inLanguage\":\"en-US\",\"potentialAction\":[{\"@type\":\"ReadAction\",\"target\":[\"https:\/\/www.yavuzcehre.com.tr\/toplum\/\"]}]},{\"@type\":\"WebSite\",\"@id\":\"https:\/\/www.yavuzcehre.com.tr\/#website\",\"url\":\"https:\/\/www.yavuzcehre.com.tr\/\",\"name\":\"YAVUZ\u00c7EHRE\",\"description\":\"Yavuz\u00e7ehre Tekstil\",\"publisher\":{\"@id\":\"https:\/\/www.yavuzcehre.com.tr\/#organization\"},\"potentialAction\":[{\"@type\":\"SearchAction\",\"target\":{\"@type\":\"EntryPoint\",\"urlTemplate\":\"https:\/\/www.yavuzcehre.com.tr\/?s={search_term_string}\"},\"query-input\":\"required name=search_term_string\"}],\"inLanguage\":\"en-US\"},{\"@type\":\"Organization\",\"@id\":\"https:\/\/www.yavuzcehre.com.tr\/#organization\",\"name\":\"YAVUZCEHRE TEXTILE\",\"url\":\"https:\/\/www.yavuzcehre.com.tr\/\",\"logo\":{\"@type\":\"ImageObject\",\"inLanguage\":\"en-US\",\"@id\":\"https:\/\/www.yavuzcehre.com.tr\/#\/schema\/logo\/image\/\",\"url\":\"https:\/\/www.yavuzcehre.com.tr\/wp-content\/uploads\/2021\/06\/yavuzcehre-logo-f.png\",\"contentUrl\":\"https:\/\/www.yavuzcehre.com.tr\/wp-content\/uploads\/2021\/06\/yavuzcehre-logo-f.png\",\"width\":270,\"height\":40,\"caption\":\"YAVUZCEHRE TEXTILE\"},\"image\":{\"@id\":\"https:\/\/www.yavuzcehre.com.tr\/#\/schema\/logo\/image\/\"},\"sameAs\":[\"https:\/\/www.facebook.com\/yavuzcehretekstil\/\",\"https:\/\/www.instagram.com\/yavuzcehretekstil\/\",\"https:\/\/www.linkedin.com\/company\/yavuzcehretekstil\/\"]}]}<\/script>\n<!-- \/ Yoast SEO plugin. -->","yoast_head_json":{"title":"Toplum - YAVUZ\u00c7EHRE","robots":{"index":"index","follow":"follow","max-snippet":"max-snippet:-1","max-image-preview":"max-image-preview:large","max-video-preview":"max-video-preview:-1"},"canonical":"https:\/\/www.yavuzcehre.com.tr\/en\/toplum\/","og_locale":"en_US","og_type":"article","og_title":"Toplum - YAVUZ\u00c7EHRE","og_description":"Ali Yavuz\u00e7ehre Vakf\u0131\u2019n\u0131 toplumsal faaliyetlerimizi yayg\u0131nla\u015ft\u0131rmak amac\u0131yla 2023 y\u0131l\u0131nda Denizli\u2019de kurduk. Vakf\u0131m\u0131z\u0131n amac\u0131, gelecek nesillerin ihtiya\u00e7lar\u0131n\u0131 kar\u015f\u0131lamak, imkan\u0131 k\u0131s\u0131tl\u0131 bireyleri desteklemek ve sosyal adalet i\u00e7in m\u00fccadele etmektir. Vakf\u0131n \u00e7al\u0131\u015fma alanlar\u0131 e\u011fitim, k\u00fclt\u00fcr-sanat , spor ve sosyal etki olarak ayr\u0131lmaktad\u0131r. Spor Toplumlar\u0131n devaml\u0131l\u0131\u011f\u0131n\u0131n sa\u011flanmas\u0131nda, k\u00fclt\u00fcrlerinin korunmas\u0131nda ve toplumsal geli\u015fmenin sa\u011flanmas\u0131nda ba\u015fka ara\u00e7lar oldu\u011fu kadar sporun da [&hellip;]","og_url":"https:\/\/www.yavuzcehre.com.tr\/en\/toplum\/","og_site_name":"YAVUZ\u00c7EHRE","article_publisher":"https:\/\/www.facebook.com\/yavuzcehretekstil\/","article_modified_time":"2024-02-06T08:18:02+00:00","og_image":[{"url":"https:\/\/www.yavuzcehre.com.tr\/wp-content\/uploads\/2024\/01\/kapka.jpeg"}],"twitter_card":"summary_large_image","twitter_misc":{"Est. reading time":"2 minutes"},"schema":{"@context":"https:\/\/schema.org","@graph":[{"@type":"WebPage","@id":"https:\/\/www.yavuzcehre.com.tr\/toplum\/","url":"https:\/\/www.yavuzcehre.com.tr\/toplum\/","name":"Toplum - YAVUZ\u00c7EHRE","isPartOf":{"@id":"https:\/\/www.yavuzcehre.com.tr\/#website"},"datePublished":"2024-01-25T11:24:48+00:00","dateModified":"2024-02-06T08:18:02+00:00","inLanguage":"en-US","potentialAction":[{"@type":"ReadAction","target":["https:\/\/www.yavuzcehre.com.tr\/toplum\/"]}]},{"@type":"WebSite","@id":"https:\/\/www.yavuzcehre.com.tr\/#website","url":"https:\/\/www.yavuzcehre.com.tr\/","name":"YAVUZ\u00c7EHRE","description":"Yavuz\u00e7ehre Tekstil","publisher":{"@id":"https:\/\/www.yavuzcehre.com.tr\/#organization"},"potentialAction":[{"@type":"SearchAction","target":{"@type":"EntryPoint","urlTemplate":"https:\/\/www.yavuzcehre.com.tr\/?s={search_term_string}"},"query-input":"required name=search_term_string"}],"inLanguage":"en-US"},{"@type":"Organization","@id":"https:\/\/www.yavuzcehre.com.tr\/#organization","name":"YAVUZCEHRE TEXTILE","url":"https:\/\/www.yavuzcehre.com.tr\/","logo":{"@type":"ImageObject","inLanguage":"en-US","@id":"https:\/\/www.yavuzcehre.com.tr\/#\/schema\/logo\/image\/","url":"https:\/\/www.yavuzcehre.com.tr\/wp-content\/uploads\/2021\/06\/yavuzcehre-logo-f.png","contentUrl":"https:\/\/www.yavuzcehre.com.tr\/wp-content\/uploads\/2021\/06\/yavuzcehre-logo-f.png","width":270,"height":40,"caption":"YAVUZCEHRE TEXTILE"},"image":{"@id":"https:\/\/www.yavuzcehre.com.tr\/#\/schema\/logo\/image\/"},"sameAs":["https:\/\/www.facebook.com\/yavuzcehretekstil\/","https:\/\/www.instagram.com\/yavuzcehretekstil\/","https:\/\/www.linkedin.com\/company\/yavuzcehretekstil\/"]}]}},"jetpack_sharing_enabled":true,"_links":{"self":[{"href":"https:\/\/www.yavuzcehre.com.tr\/en\/wp-json\/wp\/v2\/pages\/800","targetHints":{"allow":["GET"]}}],"collection":[{"href":"https:\/\/www.yavuzcehre.com.tr\/en\/wp-json\/wp\/v2\/pages"}],"about":[{"href":"https:\/\/www.yavuzcehre.com.tr\/en\/wp-json\/wp\/v2\/types\/page"}],"author":[{"embeddable":true,"href":"https:\/\/www.yavuzcehre.com.tr\/en\/wp-json\/wp\/v2\/users\/4"}],"replies":[{"embeddable":true,"href":"https:\/\/www.yavuzcehre.com.tr\/en\/wp-json\/wp\/v2\/comments?post=800"}],"version-history":[{"count":2,"href":"https:\/\/www.yavuzcehre.com.tr\/en\/wp-json\/wp\/v2\/pages\/800\/revisions"}],"predecessor-version":[{"id":1260,"href":"https:\/\/www.yavuzcehre.com.tr\/en\/wp-json\/wp\/v2\/pages\/800\/revisions\/1260"}],"wp:attachment":[{"href":"https:\/\/www.yavuzcehre.com.tr\/en\/wp-json\/wp\/v2\/media?parent=800"}],"curies":[{"name":"wp","href":"https:\/\/api.w.org\/{rel}","templated":true}]}}