{"id":772,"date":"2024-01-25T10:50:35","date_gmt":"2024-01-25T10:50:35","guid":{"rendered":"https:\/\/www.yavuzcehre.com.tr\/?page_id=772"},"modified":"2024-02-07T13:32:36","modified_gmt":"2024-02-07T13:32:36","slug":"paydaslar","status":"publish","type":"page","link":"https:\/\/www.yavuzcehre.com.tr\/en\/paydaslar\/","title":{"rendered":"Stakeholders"},"content":{"rendered":"<div class=\"wp-block-cover is-light eplus-wrapper\" style=\"min-height:80vh;aspect-ratio:unset;\"><span aria-hidden=\"true\" class=\"wp-block-cover__background has-background-dim-20 has-background-dim\"><\/span><img loading=\"lazy\" decoding=\"async\" width=\"1299\" height=\"820\" class=\"wp-block-cover__image-background wp-image-775\" alt=\"\" src=\"https:\/\/www.yavuzcehre.com.tr\/wp-content\/uploads\/2024\/01\/kapak-paydaslar.jpeg\" data-object-fit=\"cover\" srcset=\"https:\/\/www.yavuzcehre.com.tr\/wp-content\/uploads\/2024\/01\/kapak-paydaslar.jpeg 1299w, https:\/\/www.yavuzcehre.com.tr\/wp-content\/uploads\/2024\/01\/kapak-paydaslar-300x189.jpeg 300w, https:\/\/www.yavuzcehre.com.tr\/wp-content\/uploads\/2024\/01\/kapak-paydaslar-1024x646.jpeg 1024w, https:\/\/www.yavuzcehre.com.tr\/wp-content\/uploads\/2024\/01\/kapak-paydaslar-768x485.jpeg 768w, https:\/\/www.yavuzcehre.com.tr\/wp-content\/uploads\/2024\/01\/kapak-paydaslar-200x126.jpeg 200w\" sizes=\"auto, (max-width: 1299px) 100vw, 1299px\" \/><div class=\"wp-block-cover__inner-container has-global-padding is-layout-constrained wp-block-cover-is-layout-constrained\">\n<figure class=\"wp-block-image aligncenter size-full eplus-wrapper\"><img loading=\"lazy\" decoding=\"async\" width=\"174\" height=\"168\" src=\"https:\/\/www.yavuzcehre.com.tr\/wp-content\/uploads\/2024\/01\/Yavuzcehre-icon-paydaslar.png\" alt=\"\" class=\"wp-image-665\"\/><\/figure>\n\n\n\n<h2 class=\"wp-block-heading has-text-align-center has-base-color has-text-color eplus-wrapper\" style=\"font-style:normal;font-weight:700\">OUR STAKEHOLDERS<\/h2>\n\n\n\n<p class=\"has-text-align-center has-base-color has-text-color has-medium-font-size eplus-wrapper\"><strong><em><strong><em><strong><em>\u201cWe are becoming stronger together with our stakeholders.\u201d<\/em><\/strong>&nbsp;<\/em><\/strong><\/em><\/strong><\/p>\n<\/div><\/div>\n\n\n\n<div class=\"wp-block-group eplus-wrapper has-global-padding is-layout-constrained wp-container-core-group-is-layout-a00c1652 wp-block-group-is-layout-constrained\" style=\"padding-top:var(--wp--preset--spacing--60);padding-bottom:var(--wp--preset--spacing--60)\">\n<div class=\"wp-block-group eplus-wrapper is-content-justification-center is-layout-flex wp-container-core-group-is-layout-8be3c935 wp-block-group-is-layout-flex\" style=\"padding-right:0;padding-left:0\">\n<div class=\"flip-container\" ontouchstart=\"this.classList.toggle('hover');\">\n    <div class=\"flipper\">\n      <div class=\"front\"><img decoding=\"async\" class=\"logo\" src=\"https:\/\/www.yavuzcehre.com.tr\/wp-content\/uploads\/2024\/01\/Vira_Logo-01.png\"><\/div>\n      <div class=\"back\"><p>As Yavuz\u00e7ehre Tekstil, we pay attention to the career development of our employees at work. Our stakeholder with whom we cooperate for the realization of career planning and organization of trainings.  <\/p><\/div>\n    <\/div>\n  <\/div>\n<\/a>\n\n\n\n<div class=\"flip-container\" ontouchstart=\"this.classList.toggle('hover');\">\n    <div class=\"flipper\">\n      <div class=\"front\"><img decoding=\"async\" class=\"logo\" src=\"https:\/\/www.yavuzcehre.com.tr\/wp-content\/uploads\/2024\/01\/united_work_logo.png\"><\/div>\n      <div class=\"back\"><p>Our stakeholder with whom we cooperate for the employment of foreign employees and their inclusion in training programs.  <\/p><\/div>\n    <\/div>\n  <\/div>\n<\/a>\n\n\n\n<div class=\"flip-container\" ontouchstart=\"this.classList.toggle('hover');\">\n    <div class=\"flipper\">\n      <div class=\"front\"><img decoding=\"async\" class=\"logo\" src=\"https:\/\/www.yavuzcehre.com.tr\/wp-content\/uploads\/2024\/01\/unchr.png\"><\/div>\n      <div class=\"back\"><p>Our stakeholder with whom we cooperate in the payment of work permit fee support for our employees under International Protection. <\/p><\/div>\n    <\/div>\n  <\/div>\n<\/a>\n\n\n\n<div class=\"flip-container\" ontouchstart=\"this.classList.toggle('hover');\">\n    <div class=\"flipper\">\n      <div class=\"front\"><img decoding=\"async\" class=\"logo\" src=\"https:\/\/www.yavuzcehre.com.tr\/wp-content\/uploads\/2024\/01\/UNDP-LOGO.png\"><\/div>\n      <div class=\"back\"><p>Our stakeholder, with whom we carry out Industrial Symbiosis studies within the scope of efforts to transform the circular economy from theory to practice.<\/p><\/div>\n    <\/div>\n  <\/div>\n<\/a>\n\n\n\n<div class=\"flip-container\" ontouchstart=\"this.classList.toggle('hover');\">\n    <div class=\"flipper\">\n      <div class=\"front\"><img decoding=\"async\" class=\"logo\" src=\"https:\/\/www.yavuzcehre.com.tr\/wp-content\/uploads\/2024\/01\/Turuncu-dernek-logo.png\"><\/div>\n      <div class=\"back\"><p>Our stakeholder from whom we receive training on gender, violence and gender norms in our Gender Equality workshops. <\/p><\/div>\n    <\/div>\n  <\/div>\n<\/a>\n\n\n\n<div class=\"flip-container\" ontouchstart=\"this.classList.toggle('hover');\">\n    <div class=\"flipper\">\n      <div class=\"front\"><img decoding=\"async\" class=\"logo\" src=\"https:\/\/www.yavuzcehre.com.tr\/wp-content\/uploads\/2024\/01\/turkiye-cumhuriyeti-saglik-bakanligi-logo.png\"><\/div>\n      <div class=\"back\"><p>Our stakeholders with whom we collaborate in our Early Cancer Diagnosis project to monitor the diagnosis of our female employees when they are diagnosed with cancer. <\/p><\/div>\n    <\/div>\n  <\/div>\n<\/a>\n\n\n\n<div class=\"flip-container\" ontouchstart=\"this.classList.toggle('hover');\">\n    <div class=\"flipper\">\n      <div class=\"front\"><img decoding=\"async\" class=\"logo\" src=\"https:\/\/www.yavuzcehre.com.tr\/wp-content\/uploads\/2024\/01\/surdurulebilirlik-akademisi-logo.png\"><\/div>\n      <div class=\"back\"><p>Our stakeholder who contributes to change and transformation in order to adopt sustainable methods in the business world. <\/p><\/div>\n    <\/div>\n  <\/div>\n<\/a>\n\n\n\n<div class=\"flip-container\" ontouchstart=\"this.classList.toggle('hover');\">\n    <div class=\"flipper\">\n      <div class=\"front\"><img decoding=\"async\" class=\"logo\" src=\"https:\/\/www.yavuzcehre.com.tr\/wp-content\/uploads\/2024\/01\/sonim-logo.png\"><\/div>\n      <div class=\"back\"><p>Our stakeholders in the Women's Protection Houses in our Healing with Effort project, enabling us to work with women subjected to violence. <\/p><\/div>\n    <\/div>\n  <\/div>\n<\/a>\n\n\n\n<div class=\"flip-container\" ontouchstart=\"this.classList.toggle('hover');\">\n    <div class=\"flipper\">\n      <div class=\"front\"><img decoding=\"async\" class=\"logo\" src=\"https:\/\/www.yavuzcehre.com.tr\/wp-content\/uploads\/2024\/01\/turkiye-cumhuriyeti-calisma-ve-sosyal-guvenlik-bak-logo.png\"><\/div>\n      <div class=\"back\"><p>Our stakeholders with whom we cooperate in our Healing with Effort project to find Women Victims of Violence and provide protection methods. <\/p><\/div>\n    <\/div>\n  <\/div>\n<\/a>\n\n\n\n<div class=\"flip-container\" ontouchstart=\"this.classList.toggle('hover');\">\n    <div class=\"flipper\">\n      <div class=\"front\"><img decoding=\"async\" class=\"logo\" src=\"https:\/\/www.yavuzcehre.com.tr\/wp-content\/uploads\/2024\/01\/mudem.png\"><\/div>\n      <div class=\"back\"><p>Our stakeholder which we consult for the employment of foreign employees, work permits, tuition supports and guidance of relevant experts on solutions to legal problems faced by foreign employees. <\/p><\/div>\n    <\/div>\n  <\/div>\n<\/a>\n\n\n\n<div class=\"flip-container\" ontouchstart=\"this.classList.toggle('hover');\">\n    <div class=\"flipper\">\n      <div class=\"front\"><img decoding=\"async\" class=\"logo\" src=\"https:\/\/www.yavuzcehre.com.tr\/wp-content\/uploads\/2024\/01\/Ketem.png\"><\/div>\n      <div class=\"back\"><p>Our stakeholders in our Early Cancer Diagnosis project, where we organize trainings to increase women's awareness of cancer. <\/p><\/div>\n    <\/div>\n  <\/div>\n<\/a>\n\n\n\n<div class=\"flip-container\" ontouchstart=\"this.classList.toggle('hover');\">\n    <div class=\"flipper\">\n      <div class=\"front\"><img decoding=\"async\" class=\"logo\" src=\"https:\/\/www.yavuzcehre.com.tr\/wp-content\/uploads\/2024\/01\/iskurkurumsal-formata-uygun-logo.png\"><\/div>\n      <div class=\"back\"><p>Our stakeholders in our Healing with Effort project, ensuring that women who are victims of violence receive a daily wage during their professional education. <\/p><\/div>\n    <\/div>\n  <\/div>\n<\/a>\n\n\n\n<div class=\"flip-container\" ontouchstart=\"this.classList.toggle('hover');\">\n    <div class=\"flipper\">\n      <div class=\"front\"><img decoding=\"async\" class=\"logo\" src=\"https:\/\/www.yavuzcehre.com.tr\/wp-content\/uploads\/2024\/01\/ILO.png\"><\/div>\n      <div class=\"back\"><p>Our stakeholders with whom we cooperate to ensure the adaptation of our foreign employees to the workplace after their employment and to carry out social adaptation studies in our institution. <\/p><\/div>\n    <\/div>\n  <\/div>\n<\/a>\n\n\n\n<div class=\"flip-container\" ontouchstart=\"this.classList.toggle('hover');\">\n    <div class=\"flipper\">\n      <div class=\"front\"><img decoding=\"async\" class=\"logo\" src=\"https:\/\/www.yavuzcehre.com.tr\/wp-content\/uploads\/2024\/01\/habitat-logo.png\"><\/div>\n      <div class=\"back\"><p>Our stakeholders with whom we cooperate in order to organize financial literacy trainings, especially to strengthen our blue-collar employees and increase the literacy rate. <\/p><\/div>\n    <\/div>\n  <\/div>\n<\/a>\n\n\n\n<div class=\"flip-container\" ontouchstart=\"this.classList.toggle('hover');\">\n    <div class=\"flipper\">\n      <div class=\"front\"><img decoding=\"async\" class=\"logo\" src=\"https:\/\/www.yavuzcehre.com.tr\/wp-content\/uploads\/2024\/01\/4-anlatan_eller_1.png\"><\/div>\n      <div class=\"back\"><p>Our stakeholder in our Talking Hands project, enabling deaf individuals to learn the \"sign language alphabet\" as a means of communication. <\/p><\/div>\n    <\/div>\n  <\/div>\n<\/a>\n<\/div>\n<\/div>","protected":false},"excerpt":{"rendered":"<p>Yavuz\u00e7ehre Tekstil olarak \u00e7al\u0131\u015fanlar\u0131m\u0131z\u0131n i\u015f yerindeki kariyer geli\u015fimlerine \u00f6zen g\u00f6steriyoruz. Kariyer planlamalar\u0131n\u0131n ger\u00e7ekle\u015fmesi ve e\u011fitimlerin d\u00fczenlenmesi i\u00e7in i\u015fbirli\u011fi yapt\u0131\u011f\u0131m\u0131z payda\u015f\u0131m\u0131z. Yabanc\u0131 \u00e7al\u0131\u015fanlar\u0131n istihdam\u0131 ve e\u011fitim programlar\u0131na dahil edilmesi i\u00e7in birlikte i\u015fbirli\u011fi yapt\u0131\u011f\u0131m\u0131z payda\u015f\u0131m\u0131z. Uluslararas\u0131 Koruma Kapsam\u0131ndaki \u00e7al\u0131\u015fanlar\u0131m\u0131z\u0131n \u00e7al\u0131\u015fma izni har\u00e7 desteklerinin \u00f6denmesi konusunda i\u015fbirli\u011fi yapt\u0131\u011f\u0131m\u0131z payda\u015f\u0131m\u0131z. D\u00f6ng\u00fcsel ekonomiyi teoriden prati\u011fe d\u00f6n\u00fc\u015ft\u00fcrme \u00e7abalar\u0131 kapsam\u0131nda End\u00fcstriyel Simbiyoz [&hellip;]<\/p>","protected":false},"author":4,"featured_media":0,"parent":0,"menu_order":0,"comment_status":"closed","ping_status":"closed","template":"","meta":{"editor_plus_copied_stylings":"{}","footnotes":""},"class_list":["post-772","page","type-page","status-publish","hentry"],"yoast_head":"<!-- This site is optimized with the Yoast SEO plugin v22.0 - https:\/\/yoast.com\/wordpress\/plugins\/seo\/ -->\n<title>Payda\u015flar - YAVUZ\u00c7EHRE<\/title>\n<meta name=\"robots\" content=\"index, follow, max-snippet:-1, max-image-preview:large, max-video-preview:-1\" \/>\n<link rel=\"canonical\" href=\"https:\/\/www.yavuzcehre.com.tr\/en\/paydaslar\/\" \/>\n<meta property=\"og:locale\" content=\"en_US\" \/>\n<meta property=\"og:type\" content=\"article\" \/>\n<meta property=\"og:title\" content=\"Payda\u015flar - YAVUZ\u00c7EHRE\" \/>\n<meta property=\"og:description\" content=\"Yavuz\u00e7ehre Tekstil olarak \u00e7al\u0131\u015fanlar\u0131m\u0131z\u0131n i\u015f yerindeki kariyer geli\u015fimlerine \u00f6zen g\u00f6steriyoruz. Kariyer planlamalar\u0131n\u0131n ger\u00e7ekle\u015fmesi ve e\u011fitimlerin d\u00fczenlenmesi i\u00e7in i\u015fbirli\u011fi yapt\u0131\u011f\u0131m\u0131z payda\u015f\u0131m\u0131z. Yabanc\u0131 \u00e7al\u0131\u015fanlar\u0131n istihdam\u0131 ve e\u011fitim programlar\u0131na dahil edilmesi i\u00e7in birlikte i\u015fbirli\u011fi yapt\u0131\u011f\u0131m\u0131z payda\u015f\u0131m\u0131z. Uluslararas\u0131 Koruma Kapsam\u0131ndaki \u00e7al\u0131\u015fanlar\u0131m\u0131z\u0131n \u00e7al\u0131\u015fma izni har\u00e7 desteklerinin \u00f6denmesi konusunda i\u015fbirli\u011fi yapt\u0131\u011f\u0131m\u0131z payda\u015f\u0131m\u0131z. D\u00f6ng\u00fcsel ekonomiyi teoriden prati\u011fe d\u00f6n\u00fc\u015ft\u00fcrme \u00e7abalar\u0131 kapsam\u0131nda End\u00fcstriyel Simbiyoz [&hellip;]\" \/>\n<meta property=\"og:url\" content=\"https:\/\/www.yavuzcehre.com.tr\/en\/paydaslar\/\" \/>\n<meta property=\"og:site_name\" content=\"YAVUZ\u00c7EHRE\" \/>\n<meta property=\"article:publisher\" content=\"https:\/\/www.facebook.com\/yavuzcehretekstil\/\" \/>\n<meta property=\"article:modified_time\" content=\"2024-02-07T13:32:36+00:00\" \/>\n<meta property=\"og:image\" content=\"https:\/\/www.yavuzcehre.com.tr\/wp-content\/uploads\/2024\/01\/kapak-paydaslar.jpeg\" \/>\n<meta name=\"twitter:card\" content=\"summary_large_image\" \/>\n<meta name=\"twitter:label1\" content=\"Est. reading time\" \/>\n\t<meta name=\"twitter:data1\" content=\"2 minutes\" \/>\n<script type=\"application\/ld+json\" class=\"yoast-schema-graph\">{\"@context\":\"https:\/\/schema.org\",\"@graph\":[{\"@type\":\"WebPage\",\"@id\":\"https:\/\/www.yavuzcehre.com.tr\/paydaslar\/\",\"url\":\"https:\/\/www.yavuzcehre.com.tr\/paydaslar\/\",\"name\":\"Payda\u015flar - YAVUZ\u00c7EHRE\",\"isPartOf\":{\"@id\":\"https:\/\/www.yavuzcehre.com.tr\/#website\"},\"datePublished\":\"2024-01-25T10:50:35+00:00\",\"dateModified\":\"2024-02-07T13:32:36+00:00\",\"inLanguage\":\"en-US\",\"potentialAction\":[{\"@type\":\"ReadAction\",\"target\":[\"https:\/\/www.yavuzcehre.com.tr\/paydaslar\/\"]}]},{\"@type\":\"WebSite\",\"@id\":\"https:\/\/www.yavuzcehre.com.tr\/#website\",\"url\":\"https:\/\/www.yavuzcehre.com.tr\/\",\"name\":\"YAVUZ\u00c7EHRE\",\"description\":\"Yavuz\u00e7ehre Tekstil\",\"publisher\":{\"@id\":\"https:\/\/www.yavuzcehre.com.tr\/#organization\"},\"potentialAction\":[{\"@type\":\"SearchAction\",\"target\":{\"@type\":\"EntryPoint\",\"urlTemplate\":\"https:\/\/www.yavuzcehre.com.tr\/?s={search_term_string}\"},\"query-input\":\"required name=search_term_string\"}],\"inLanguage\":\"en-US\"},{\"@type\":\"Organization\",\"@id\":\"https:\/\/www.yavuzcehre.com.tr\/#organization\",\"name\":\"YAVUZCEHRE TEXTILE\",\"url\":\"https:\/\/www.yavuzcehre.com.tr\/\",\"logo\":{\"@type\":\"ImageObject\",\"inLanguage\":\"en-US\",\"@id\":\"https:\/\/www.yavuzcehre.com.tr\/#\/schema\/logo\/image\/\",\"url\":\"https:\/\/www.yavuzcehre.com.tr\/wp-content\/uploads\/2021\/06\/yavuzcehre-logo-f.png\",\"contentUrl\":\"https:\/\/www.yavuzcehre.com.tr\/wp-content\/uploads\/2021\/06\/yavuzcehre-logo-f.png\",\"width\":270,\"height\":40,\"caption\":\"YAVUZCEHRE TEXTILE\"},\"image\":{\"@id\":\"https:\/\/www.yavuzcehre.com.tr\/#\/schema\/logo\/image\/\"},\"sameAs\":[\"https:\/\/www.facebook.com\/yavuzcehretekstil\/\",\"https:\/\/www.instagram.com\/yavuzcehretekstil\/\",\"https:\/\/www.linkedin.com\/company\/yavuzcehretekstil\/\"]}]}<\/script>\n<!-- \/ Yoast SEO plugin. -->","yoast_head_json":{"title":"Payda\u015flar - YAVUZ\u00c7EHRE","robots":{"index":"index","follow":"follow","max-snippet":"max-snippet:-1","max-image-preview":"max-image-preview:large","max-video-preview":"max-video-preview:-1"},"canonical":"https:\/\/www.yavuzcehre.com.tr\/en\/paydaslar\/","og_locale":"en_US","og_type":"article","og_title":"Payda\u015flar - YAVUZ\u00c7EHRE","og_description":"Yavuz\u00e7ehre Tekstil olarak \u00e7al\u0131\u015fanlar\u0131m\u0131z\u0131n i\u015f yerindeki kariyer geli\u015fimlerine \u00f6zen g\u00f6steriyoruz. Kariyer planlamalar\u0131n\u0131n ger\u00e7ekle\u015fmesi ve e\u011fitimlerin d\u00fczenlenmesi i\u00e7in i\u015fbirli\u011fi yapt\u0131\u011f\u0131m\u0131z payda\u015f\u0131m\u0131z. Yabanc\u0131 \u00e7al\u0131\u015fanlar\u0131n istihdam\u0131 ve e\u011fitim programlar\u0131na dahil edilmesi i\u00e7in birlikte i\u015fbirli\u011fi yapt\u0131\u011f\u0131m\u0131z payda\u015f\u0131m\u0131z. Uluslararas\u0131 Koruma Kapsam\u0131ndaki \u00e7al\u0131\u015fanlar\u0131m\u0131z\u0131n \u00e7al\u0131\u015fma izni har\u00e7 desteklerinin \u00f6denmesi konusunda i\u015fbirli\u011fi yapt\u0131\u011f\u0131m\u0131z payda\u015f\u0131m\u0131z. D\u00f6ng\u00fcsel ekonomiyi teoriden prati\u011fe d\u00f6n\u00fc\u015ft\u00fcrme \u00e7abalar\u0131 kapsam\u0131nda End\u00fcstriyel Simbiyoz [&hellip;]","og_url":"https:\/\/www.yavuzcehre.com.tr\/en\/paydaslar\/","og_site_name":"YAVUZ\u00c7EHRE","article_publisher":"https:\/\/www.facebook.com\/yavuzcehretekstil\/","article_modified_time":"2024-02-07T13:32:36+00:00","og_image":[{"url":"https:\/\/www.yavuzcehre.com.tr\/wp-content\/uploads\/2024\/01\/kapak-paydaslar.jpeg"}],"twitter_card":"summary_large_image","twitter_misc":{"Est. reading time":"2 minutes"},"schema":{"@context":"https:\/\/schema.org","@graph":[{"@type":"WebPage","@id":"https:\/\/www.yavuzcehre.com.tr\/paydaslar\/","url":"https:\/\/www.yavuzcehre.com.tr\/paydaslar\/","name":"Payda\u015flar - YAVUZ\u00c7EHRE","isPartOf":{"@id":"https:\/\/www.yavuzcehre.com.tr\/#website"},"datePublished":"2024-01-25T10:50:35+00:00","dateModified":"2024-02-07T13:32:36+00:00","inLanguage":"en-US","potentialAction":[{"@type":"ReadAction","target":["https:\/\/www.yavuzcehre.com.tr\/paydaslar\/"]}]},{"@type":"WebSite","@id":"https:\/\/www.yavuzcehre.com.tr\/#website","url":"https:\/\/www.yavuzcehre.com.tr\/","name":"YAVUZ\u00c7EHRE","description":"Yavuz\u00e7ehre Tekstil","publisher":{"@id":"https:\/\/www.yavuzcehre.com.tr\/#organization"},"potentialAction":[{"@type":"SearchAction","target":{"@type":"EntryPoint","urlTemplate":"https:\/\/www.yavuzcehre.com.tr\/?s={search_term_string}"},"query-input":"required name=search_term_string"}],"inLanguage":"en-US"},{"@type":"Organization","@id":"https:\/\/www.yavuzcehre.com.tr\/#organization","name":"YAVUZCEHRE TEXTILE","url":"https:\/\/www.yavuzcehre.com.tr\/","logo":{"@type":"ImageObject","inLanguage":"en-US","@id":"https:\/\/www.yavuzcehre.com.tr\/#\/schema\/logo\/image\/","url":"https:\/\/www.yavuzcehre.com.tr\/wp-content\/uploads\/2021\/06\/yavuzcehre-logo-f.png","contentUrl":"https:\/\/www.yavuzcehre.com.tr\/wp-content\/uploads\/2021\/06\/yavuzcehre-logo-f.png","width":270,"height":40,"caption":"YAVUZCEHRE TEXTILE"},"image":{"@id":"https:\/\/www.yavuzcehre.com.tr\/#\/schema\/logo\/image\/"},"sameAs":["https:\/\/www.facebook.com\/yavuzcehretekstil\/","https:\/\/www.instagram.com\/yavuzcehretekstil\/","https:\/\/www.linkedin.com\/company\/yavuzcehretekstil\/"]}]}},"jetpack_sharing_enabled":true,"_links":{"self":[{"href":"https:\/\/www.yavuzcehre.com.tr\/en\/wp-json\/wp\/v2\/pages\/772","targetHints":{"allow":["GET"]}}],"collection":[{"href":"https:\/\/www.yavuzcehre.com.tr\/en\/wp-json\/wp\/v2\/pages"}],"about":[{"href":"https:\/\/www.yavuzcehre.com.tr\/en\/wp-json\/wp\/v2\/types\/page"}],"author":[{"embeddable":true,"href":"https:\/\/www.yavuzcehre.com.tr\/en\/wp-json\/wp\/v2\/users\/4"}],"replies":[{"embeddable":true,"href":"https:\/\/www.yavuzcehre.com.tr\/en\/wp-json\/wp\/v2\/comments?post=772"}],"version-history":[{"count":6,"href":"https:\/\/www.yavuzcehre.com.tr\/en\/wp-json\/wp\/v2\/pages\/772\/revisions"}],"predecessor-version":[{"id":1291,"href":"https:\/\/www.yavuzcehre.com.tr\/en\/wp-json\/wp\/v2\/pages\/772\/revisions\/1291"}],"wp:attachment":[{"href":"https:\/\/www.yavuzcehre.com.tr\/en\/wp-json\/wp\/v2\/media?parent=772"}],"curies":[{"name":"wp","href":"https:\/\/api.w.org\/{rel}","templated":true}]}}