{"id":702,"date":"2024-01-25T09:02:21","date_gmt":"2024-01-25T09:02:21","guid":{"rendered":"https:\/\/www.yavuzcehre.com.tr\/?page_id=702"},"modified":"2024-01-25T09:02:24","modified_gmt":"2024-01-25T09:02:24","slug":"2021-surdurulebilirlik-raporu","status":"publish","type":"page","link":"https:\/\/www.yavuzcehre.com.tr\/en\/2021-surdurulebilirlik-raporu\/","title":{"rendered":"2021 S\u00fcrd\u00fcr\u00fclebilirlik Raporu"},"content":{"rendered":"<p class=\"eplus-wrapper\"><div class=\"_3d-flip-book  fb3d-fullscreen-mode full-size\" data-id=\"703\" data-mode=\"fullscreen\" data-title=\"false\" data-template=\"short-white-book-view\" data-lightbox=\"dark-shadow\" data-urlparam=\"fb3d-page\" data-page-n=\"0\" data-pdf=\"\" data-tax=\"null\" data-thumbnail=\"\" data-cols=\"3\" data-book-template=\"default\"><\/div><script type=\"text\/javascript\">window.FB3D_CLIENT_DATA = window.FB3D_CLIENT_DATA || [];window.FB3D_CLIENT_DATA.push('eyJwb3N0cyI6eyI3MDMiOnsiSUQiOjcwMywidGl0bGUiOiIyMDIxIFNcdTAwZmNyZFx1MDBmY3JcdTAwZmNsZWJpbGlybGlrIFJhcG9ydSIsInR5cGUiOiJwZGYiLCJyZWFkeV9mdW5jdGlvbiI6IiIsImJvb2tfc3R5bGUiOiJ2b2x1bWUiLCJib29rX3RlbXBsYXRlIjoibm9uZSIsIm91dGxpbmUiOltdLCJkYXRhIjp7InBvc3RfSUQiOiItMSIsImd1aWQiOiJodHRwczpcL1wvd3d3LnlhdnV6Y2VocmUuY29tLnRyXC93cC1jb250ZW50XC91cGxvYWRzXC8yMDI0XC8wMVwvQ09DUmVwb3J0MjAyMV8tMS5wZGYiLCJwZGZfcGFnZXMiOiI2MCIsInBhZ2VzX2N1c3RvbWl6YXRpb24iOiJub25lIn0sInRodW1ibmFpbCI6eyJkYXRhIjp7InBvc3RfSUQiOiI0MDkifSwidHlwZSI6Im1lZGlhSW1hZ2UifSwicHJvcHMiOnsiYmFja2dyb3VuZENvbG9yIjoiYXV0byIsImJhY2tncm91bmRJbWFnZSI6ImF1dG8iLCJiYWNrZ3JvdW5kU3R5bGUiOiJhdXRvIiwiaGlnaGxpZ2h0TGlua3MiOiJhdXRvIiwibGlnaHRpbmciOiJhdXRvIiwiY2FjaGVkUGFnZXMiOiJhdXRvIiwicmVuZGVySW5hY3RpdmVQYWdlcyI6ImF1dG8iLCJyZW5kZXJJbmFjdGl2ZVBhZ2VzT25Nb2JpbGUiOiJhdXRvIiwicmVuZGVyV2hpbGVGbGlwcGluZyI6ImF1dG8iLCJwcmVsb2FkUGFnZXMiOiJhdXRvIiwiYXV0b1BsYXlEdXJhdGlvbiI6ImF1dG8iLCJydGwiOiJhdXRvIiwiaW50ZXJhY3RpdmVDb3JuZXJzIjoiYXV0byIsIm1heERlcHRoIjoiYXV0byIsInNoZWV0Ijp7InN0YXJ0VmVsb2NpdHkiOiJhdXRvIiwid2F2ZSI6ImF1dG8iLCJzaGFwZSI6ImF1dG8iLCJ3aWR0aFRleGVscyI6ImF1dG8iLCJjb2xvciI6ImF1dG8iLCJzaWRlIjoiYXV0byIsImNvcm5lckRldmlhdGlvbiI6ImF1dG8iLCJmbGV4aWJpbGl0eSI6ImF1dG8iLCJmbGV4aWJsZUNvcm5lciI6ImF1dG8iLCJiZW5kaW5nIjoiYXV0byIsImhlaWdodFRleGVscyI6ImF1dG8ifSwiY292ZXIiOnsid2F2ZSI6ImF1dG8iLCJjb2xvciI6ImF1dG8iLCJzaWRlIjoiYXV0byIsImJpbmRlclRleHR1cmUiOiJhdXRvIiwiZGVwdGgiOiJhdXRvIiwicGFkZGluZyI6ImF1dG8iLCJzdGFydFZlbG9jaXR5IjoiYXV0byIsImZsZXhpYmlsaXR5IjoiYXV0byIsImZsZXhpYmxlQ29ybmVyIjoiYXV0byIsImJlbmRpbmciOiJhdXRvIiwid2lkdGhUZXhlbHMiOiJhdXRvIiwiaGVpZ2h0VGV4ZWxzIjoiYXV0byIsIm1hc3MiOiJhdXRvIiwic2hhcGUiOiJhdXRvIn0sInBhZ2UiOnsid2F2ZSI6ImF1dG8iLCJjb2xvciI6ImF1dG8iLCJzaWRlIjoiYXV0byIsImRlcHRoIjoiYXV0byIsInN0YXJ0VmVsb2NpdHkiOiJhdXRvIiwiZmxleGliaWxpdHkiOiJhdXRvIiwiZmxleGlibGVDb3JuZXIiOiJhdXRvIiwiYmVuZGluZyI6ImF1dG8iLCJ3aWR0aFRleGVscyI6ImF1dG8iLCJoZWlnaHRUZXhlbHMiOiJhdXRvIiwibWFzcyI6ImF1dG8iLCJzaGFwZSI6ImF1dG8ifSwiaGVpZ2h0IjoiYXV0byIsIndpZHRoIjoiYXV0byIsImdyYXZpdHkiOiJhdXRvIiwicGFnZXNGb3JQcmVkaWN0aW5nIjoiYXV0byJ9LCJjb250cm9sUHJvcHMiOnsiYWN0aW9ucyI6eyJjbWRUb2MiOnsiZW5hYmxlZCI6ImF1dG8iLCJlbmFibGVkSW5OYXJyb3ciOiJhdXRvIiwiYWN0aXZlIjoiYXV0byIsImRlZmF1bHRUYWIiOiJhdXRvIn0sImNtZEF1dG9QbGF5Ijp7ImVuYWJsZWQiOiJhdXRvIiwiZW5hYmxlZEluTmFycm93IjoiYXV0byIsImFjdGl2ZSI6ImF1dG8ifSwiY21kU2F2ZSI6eyJlbmFibGVkIjoiYXV0byIsImVuYWJsZWRJbk5hcnJvdyI6ImF1dG8ifSwiY21kUHJpbnQiOnsiZW5hYmxlZCI6ImF1dG8iLCJlbmFibGVkSW5OYXJyb3ciOiJhdXRvIn0sImNtZFNpbmdsZVBhZ2UiOnsiZW5hYmxlZCI6ImF1dG8iLCJlbmFibGVkSW5OYXJyb3ciOiJhdXRvIiwiYWN0aXZlIjoiYXV0byIsImFjdGl2ZUZvck1vYmlsZSI6ImF1dG8ifSwid2lkVG9vbGJhciI6eyJlbmFibGVkIjoiYXV0byIsImVuYWJsZWRJbk5hcnJvdyI6ImF1dG8ifX19LCJhdXRvVGh1bWJuYWlsIjpudWxsLCJwb3N0X25hbWUiOiIyMDIxLXN1cmR1cnVsZWJpbGlybGlrLXJhcG9ydSIsInBvc3RfdHlwZSI6IjNkLWZsaXAtYm9vayJ9fSwicGFnZXMiOltdLCJmaXJzdFBhZ2VzIjpbXX0=');window.FB3D_CLIENT_LOCALE && window.FB3D_CLIENT_LOCALE.render();<\/script><\/p>","protected":false},"excerpt":{"rendered":"","protected":false},"author":4,"featured_media":0,"parent":0,"menu_order":0,"comment_status":"closed","ping_status":"closed","template":"","meta":{"editor_plus_copied_stylings":"{}","footnotes":""},"class_list":["post-702","page","type-page","status-publish","hentry"],"yoast_head":"<!-- This site is optimized with the Yoast SEO plugin v22.0 - https:\/\/yoast.com\/wordpress\/plugins\/seo\/ -->\n<title>2021 S\u00fcrd\u00fcr\u00fclebilirlik Raporu - YAVUZ\u00c7EHRE<\/title>\n<meta name=\"robots\" content=\"index, follow, max-snippet:-1, max-image-preview:large, max-video-preview:-1\" \/>\n<link rel=\"canonical\" href=\"https:\/\/www.yavuzcehre.com.tr\/en\/2021-surdurulebilirlik-raporu\/\" \/>\n<meta property=\"og:locale\" content=\"en_US\" \/>\n<meta property=\"og:type\" content=\"article\" \/>\n<meta property=\"og:title\" content=\"2021 S\u00fcrd\u00fcr\u00fclebilirlik Raporu - YAVUZ\u00c7EHRE\" \/>\n<meta property=\"og:url\" content=\"https:\/\/www.yavuzcehre.com.tr\/en\/2021-surdurulebilirlik-raporu\/\" \/>\n<meta property=\"og:site_name\" content=\"YAVUZ\u00c7EHRE\" \/>\n<meta property=\"article:publisher\" content=\"https:\/\/www.facebook.com\/yavuzcehretekstil\/\" \/>\n<meta property=\"article:modified_time\" content=\"2024-01-25T09:02:24+00:00\" \/>\n<meta name=\"twitter:card\" content=\"summary_large_image\" \/>\n<script type=\"application\/ld+json\" class=\"yoast-schema-graph\">{\"@context\":\"https:\/\/schema.org\",\"@graph\":[{\"@type\":\"WebPage\",\"@id\":\"https:\/\/www.yavuzcehre.com.tr\/2021-surdurulebilirlik-raporu\/\",\"url\":\"https:\/\/www.yavuzcehre.com.tr\/2021-surdurulebilirlik-raporu\/\",\"name\":\"2021 S\u00fcrd\u00fcr\u00fclebilirlik Raporu - YAVUZ\u00c7EHRE\",\"isPartOf\":{\"@id\":\"https:\/\/www.yavuzcehre.com.tr\/#website\"},\"datePublished\":\"2024-01-25T09:02:21+00:00\",\"dateModified\":\"2024-01-25T09:02:24+00:00\",\"inLanguage\":\"en-US\",\"potentialAction\":[{\"@type\":\"ReadAction\",\"target\":[\"https:\/\/www.yavuzcehre.com.tr\/2021-surdurulebilirlik-raporu\/\"]}]},{\"@type\":\"WebSite\",\"@id\":\"https:\/\/www.yavuzcehre.com.tr\/#website\",\"url\":\"https:\/\/www.yavuzcehre.com.tr\/\",\"name\":\"YAVUZ\u00c7EHRE\",\"description\":\"Yavuz\u00e7ehre Tekstil\",\"publisher\":{\"@id\":\"https:\/\/www.yavuzcehre.com.tr\/#organization\"},\"potentialAction\":[{\"@type\":\"SearchAction\",\"target\":{\"@type\":\"EntryPoint\",\"urlTemplate\":\"https:\/\/www.yavuzcehre.com.tr\/?s={search_term_string}\"},\"query-input\":\"required name=search_term_string\"}],\"inLanguage\":\"en-US\"},{\"@type\":\"Organization\",\"@id\":\"https:\/\/www.yavuzcehre.com.tr\/#organization\",\"name\":\"YAVUZCEHRE TEXTILE\",\"url\":\"https:\/\/www.yavuzcehre.com.tr\/\",\"logo\":{\"@type\":\"ImageObject\",\"inLanguage\":\"en-US\",\"@id\":\"https:\/\/www.yavuzcehre.com.tr\/#\/schema\/logo\/image\/\",\"url\":\"https:\/\/www.yavuzcehre.com.tr\/wp-content\/uploads\/2021\/06\/yavuzcehre-logo-f.png\",\"contentUrl\":\"https:\/\/www.yavuzcehre.com.tr\/wp-content\/uploads\/2021\/06\/yavuzcehre-logo-f.png\",\"width\":270,\"height\":40,\"caption\":\"YAVUZCEHRE TEXTILE\"},\"image\":{\"@id\":\"https:\/\/www.yavuzcehre.com.tr\/#\/schema\/logo\/image\/\"},\"sameAs\":[\"https:\/\/www.facebook.com\/yavuzcehretekstil\/\",\"https:\/\/www.instagram.com\/yavuzcehretekstil\/\",\"https:\/\/www.linkedin.com\/company\/yavuzcehretekstil\/\"]}]}<\/script>\n<!-- \/ Yoast SEO plugin. -->","yoast_head_json":{"title":"2021 S\u00fcrd\u00fcr\u00fclebilirlik Raporu - YAVUZ\u00c7EHRE","robots":{"index":"index","follow":"follow","max-snippet":"max-snippet:-1","max-image-preview":"max-image-preview:large","max-video-preview":"max-video-preview:-1"},"canonical":"https:\/\/www.yavuzcehre.com.tr\/en\/2021-surdurulebilirlik-raporu\/","og_locale":"en_US","og_type":"article","og_title":"2021 S\u00fcrd\u00fcr\u00fclebilirlik Raporu - YAVUZ\u00c7EHRE","og_url":"https:\/\/www.yavuzcehre.com.tr\/en\/2021-surdurulebilirlik-raporu\/","og_site_name":"YAVUZ\u00c7EHRE","article_publisher":"https:\/\/www.facebook.com\/yavuzcehretekstil\/","article_modified_time":"2024-01-25T09:02:24+00:00","twitter_card":"summary_large_image","schema":{"@context":"https:\/\/schema.org","@graph":[{"@type":"WebPage","@id":"https:\/\/www.yavuzcehre.com.tr\/2021-surdurulebilirlik-raporu\/","url":"https:\/\/www.yavuzcehre.com.tr\/2021-surdurulebilirlik-raporu\/","name":"2021 S\u00fcrd\u00fcr\u00fclebilirlik Raporu - YAVUZ\u00c7EHRE","isPartOf":{"@id":"https:\/\/www.yavuzcehre.com.tr\/#website"},"datePublished":"2024-01-25T09:02:21+00:00","dateModified":"2024-01-25T09:02:24+00:00","inLanguage":"en-US","potentialAction":[{"@type":"ReadAction","target":["https:\/\/www.yavuzcehre.com.tr\/2021-surdurulebilirlik-raporu\/"]}]},{"@type":"WebSite","@id":"https:\/\/www.yavuzcehre.com.tr\/#website","url":"https:\/\/www.yavuzcehre.com.tr\/","name":"YAVUZ\u00c7EHRE","description":"Yavuz\u00e7ehre Tekstil","publisher":{"@id":"https:\/\/www.yavuzcehre.com.tr\/#organization"},"potentialAction":[{"@type":"SearchAction","target":{"@type":"EntryPoint","urlTemplate":"https:\/\/www.yavuzcehre.com.tr\/?s={search_term_string}"},"query-input":"required name=search_term_string"}],"inLanguage":"en-US"},{"@type":"Organization","@id":"https:\/\/www.yavuzcehre.com.tr\/#organization","name":"YAVUZCEHRE TEXTILE","url":"https:\/\/www.yavuzcehre.com.tr\/","logo":{"@type":"ImageObject","inLanguage":"en-US","@id":"https:\/\/www.yavuzcehre.com.tr\/#\/schema\/logo\/image\/","url":"https:\/\/www.yavuzcehre.com.tr\/wp-content\/uploads\/2021\/06\/yavuzcehre-logo-f.png","contentUrl":"https:\/\/www.yavuzcehre.com.tr\/wp-content\/uploads\/2021\/06\/yavuzcehre-logo-f.png","width":270,"height":40,"caption":"YAVUZCEHRE TEXTILE"},"image":{"@id":"https:\/\/www.yavuzcehre.com.tr\/#\/schema\/logo\/image\/"},"sameAs":["https:\/\/www.facebook.com\/yavuzcehretekstil\/","https:\/\/www.instagram.com\/yavuzcehretekstil\/","https:\/\/www.linkedin.com\/company\/yavuzcehretekstil\/"]}]}},"jetpack_sharing_enabled":true,"_links":{"self":[{"href":"https:\/\/www.yavuzcehre.com.tr\/en\/wp-json\/wp\/v2\/pages\/702","targetHints":{"allow":["GET"]}}],"collection":[{"href":"https:\/\/www.yavuzcehre.com.tr\/en\/wp-json\/wp\/v2\/pages"}],"about":[{"href":"https:\/\/www.yavuzcehre.com.tr\/en\/wp-json\/wp\/v2\/types\/page"}],"author":[{"embeddable":true,"href":"https:\/\/www.yavuzcehre.com.tr\/en\/wp-json\/wp\/v2\/users\/4"}],"replies":[{"embeddable":true,"href":"https:\/\/www.yavuzcehre.com.tr\/en\/wp-json\/wp\/v2\/comments?post=702"}],"version-history":[{"count":1,"href":"https:\/\/www.yavuzcehre.com.tr\/en\/wp-json\/wp\/v2\/pages\/702\/revisions"}],"predecessor-version":[{"id":704,"href":"https:\/\/www.yavuzcehre.com.tr\/en\/wp-json\/wp\/v2\/pages\/702\/revisions\/704"}],"wp:attachment":[{"href":"https:\/\/www.yavuzcehre.com.tr\/en\/wp-json\/wp\/v2\/media?parent=702"}],"curies":[{"name":"wp","href":"https:\/\/api.w.org\/{rel}","templated":true}]}}