{"id":427,"date":"2024-01-24T13:12:11","date_gmt":"2024-01-24T13:12:11","guid":{"rendered":"https:\/\/www.yavuzcehre.com.tr\/?page_id=427"},"modified":"2024-02-05T07:05:35","modified_gmt":"2024-02-05T07:05:35","slug":"2022-surdurulebilirlik-raporu","status":"publish","type":"page","link":"https:\/\/www.yavuzcehre.com.tr\/en\/2022-surdurulebilirlik-raporu\/","title":{"rendered":"2022 S\u00fcrd\u00fcr\u00fclebilirlik Raporu"},"content":{"rendered":"<div class=\"wp-block-group eplus-wrapper is-layout-flow wp-block-group-is-layout-flow\" style=\"padding-top:100px\">\n<div class=\"_3d-flip-book  fb3d-fullscreen-mode full-size\" data-id=\"426\" data-mode=\"fullscreen\" data-title=\"false\" data-template=\"short-white-book-view\" data-lightbox=\"dark-shadow\" data-urlparam=\"fb3d-page\" data-page-n=\"0\" data-pdf=\"\" data-tax=\"null\" data-thumbnail=\"\" data-cols=\"3\" data-book-template=\"default\"><\/div><script type=\"text\/javascript\">window.FB3D_CLIENT_DATA = window.FB3D_CLIENT_DATA || [];window.FB3D_CLIENT_DATA.push('eyJwb3N0cyI6eyI0MjYiOnsiSUQiOjQyNiwidGl0bGUiOiIyMDIyIFNcdTAwZmNyZFx1MDBmY3JcdTAwZmNsZWJpbGlybGlrIFJhcG9ydSIsInR5cGUiOiJwZGYiLCJyZWFkeV9mdW5jdGlvbiI6IiIsImJvb2tfc3R5bGUiOiJ2b2x1bWUiLCJib29rX3RlbXBsYXRlIjoibm9uZSIsIm91dGxpbmUiOltdLCJkYXRhIjp7InBvc3RfSUQiOiItMSIsImd1aWQiOiJodHRwczpcL1wvd3d3LnlhdnV6Y2VocmUuY29tLnRyXC93cC1jb250ZW50XC91cGxvYWRzXC8yMDI0XC8wMVwvU3VyZHVydWxlYmlsaXJsaWstcmFwb3J1MjAyMi5wZGYiLCJwZGZfcGFnZXMiOiI5MiIsInBhZ2VzX2N1c3RvbWl6YXRpb24iOiJub25lIn0sInRodW1ibmFpbCI6eyJkYXRhIjp7InBvc3RfSUQiOiIwIn0sInR5cGUiOiJhdXRvIn0sInByb3BzIjp7ImJhY2tncm91bmRDb2xvciI6ImF1dG8iLCJiYWNrZ3JvdW5kSW1hZ2UiOiJhdXRvIiwiYmFja2dyb3VuZFN0eWxlIjoiYXV0byIsImhpZ2hsaWdodExpbmtzIjoiYXV0byIsImxpZ2h0aW5nIjoiYXV0byIsImNhY2hlZFBhZ2VzIjoiYXV0byIsInJlbmRlckluYWN0aXZlUGFnZXMiOiJhdXRvIiwicmVuZGVySW5hY3RpdmVQYWdlc09uTW9iaWxlIjoiYXV0byIsInJlbmRlcldoaWxlRmxpcHBpbmciOiJhdXRvIiwicHJlbG9hZFBhZ2VzIjoiYXV0byIsImF1dG9QbGF5RHVyYXRpb24iOiJhdXRvIiwicnRsIjoiYXV0byIsImludGVyYWN0aXZlQ29ybmVycyI6ImF1dG8iLCJtYXhEZXB0aCI6ImF1dG8iLCJzaGVldCI6eyJzdGFydFZlbG9jaXR5IjoiYXV0byIsIndhdmUiOiJhdXRvIiwic2hhcGUiOiJhdXRvIiwid2lkdGhUZXhlbHMiOiJhdXRvIiwiY29sb3IiOiJhdXRvIiwic2lkZSI6ImF1dG8iLCJjb3JuZXJEZXZpYXRpb24iOiJhdXRvIiwiZmxleGliaWxpdHkiOiJhdXRvIiwiZmxleGlibGVDb3JuZXIiOiJhdXRvIiwiYmVuZGluZyI6ImF1dG8iLCJoZWlnaHRUZXhlbHMiOiJhdXRvIn0sImNvdmVyIjp7IndhdmUiOiJhdXRvIiwiY29sb3IiOiJhdXRvIiwic2lkZSI6ImF1dG8iLCJiaW5kZXJUZXh0dXJlIjoiYXV0byIsImRlcHRoIjoiYXV0byIsInBhZGRpbmciOiJhdXRvIiwic3RhcnRWZWxvY2l0eSI6ImF1dG8iLCJmbGV4aWJpbGl0eSI6ImF1dG8iLCJmbGV4aWJsZUNvcm5lciI6ImF1dG8iLCJiZW5kaW5nIjoiYXV0byIsIndpZHRoVGV4ZWxzIjoiYXV0byIsImhlaWdodFRleGVscyI6ImF1dG8iLCJtYXNzIjoiYXV0byIsInNoYXBlIjoiYXV0byJ9LCJwYWdlIjp7IndhdmUiOiJhdXRvIiwiY29sb3IiOiJhdXRvIiwic2lkZSI6ImF1dG8iLCJkZXB0aCI6ImF1dG8iLCJzdGFydFZlbG9jaXR5IjoiYXV0byIsImZsZXhpYmlsaXR5IjoiYXV0byIsImZsZXhpYmxlQ29ybmVyIjoiYXV0byIsImJlbmRpbmciOiJhdXRvIiwid2lkdGhUZXhlbHMiOiJhdXRvIiwiaGVpZ2h0VGV4ZWxzIjoiYXV0byIsIm1hc3MiOiJhdXRvIiwic2hhcGUiOiJhdXRvIn0sImhlaWdodCI6ImF1dG8iLCJ3aWR0aCI6ImF1dG8iLCJncmF2aXR5IjoiYXV0byIsInBhZ2VzRm9yUHJlZGljdGluZyI6ImF1dG8ifSwiY29udHJvbFByb3BzIjp7ImFjdGlvbnMiOnsiY21kVG9jIjp7ImVuYWJsZWQiOiJhdXRvIiwiZW5hYmxlZEluTmFycm93IjoiYXV0byIsImFjdGl2ZSI6ImF1dG8iLCJkZWZhdWx0VGFiIjoiYXV0byJ9LCJjbWRBdXRvUGxheSI6eyJlbmFibGVkIjoiYXV0byIsImVuYWJsZWRJbk5hcnJvdyI6ImF1dG8iLCJhY3RpdmUiOiJhdXRvIn0sImNtZFNhdmUiOnsiZW5hYmxlZCI6ImF1dG8iLCJlbmFibGVkSW5OYXJyb3ciOiJhdXRvIn0sImNtZFByaW50Ijp7ImVuYWJsZWQiOiJhdXRvIiwiZW5hYmxlZEluTmFycm93IjoiYXV0byJ9LCJjbWRTaW5nbGVQYWdlIjp7ImVuYWJsZWQiOiJhdXRvIiwiZW5hYmxlZEluTmFycm93IjoiYXV0byIsImFjdGl2ZSI6ImF1dG8iLCJhY3RpdmVGb3JNb2JpbGUiOiJhdXRvIn0sIndpZFRvb2xiYXIiOnsiZW5hYmxlZCI6ImF1dG8iLCJlbmFibGVkSW5OYXJyb3ciOiJhdXRvIn19fSwiYXV0b1RodW1ibmFpbCI6Imh0dHBzOlwvXC93d3cueWF2dXpjZWhyZS5jb20udHJcL3dwLWNvbnRlbnRcL3VwbG9hZHNcLzNkLWZsaXAtYm9va1wvYXV0by10aHVtYm5haWxzXC80MjYucG5nIiwicG9zdF9uYW1lIjoiMjAyMi1zdXJkdXJ1bGViaWxpcmxpay1yYXBvcnUiLCJwb3N0X3R5cGUiOiIzZC1mbGlwLWJvb2sifX0sInBhZ2VzIjpbXSwiZmlyc3RQYWdlcyI6W119');window.FB3D_CLIENT_LOCALE && window.FB3D_CLIENT_LOCALE.render();<\/script>\n<\/div>","protected":false},"excerpt":{"rendered":"","protected":false},"author":4,"featured_media":0,"parent":0,"menu_order":0,"comment_status":"closed","ping_status":"closed","template":"","meta":{"editor_plus_copied_stylings":"{}","footnotes":""},"class_list":["post-427","page","type-page","status-publish","hentry"],"yoast_head":"<!-- This site is optimized with the Yoast SEO plugin v22.0 - https:\/\/yoast.com\/wordpress\/plugins\/seo\/ -->\n<title>2022 S\u00fcrd\u00fcr\u00fclebilirlik Raporu - YAVUZ\u00c7EHRE<\/title>\n<meta name=\"robots\" content=\"index, follow, max-snippet:-1, max-image-preview:large, max-video-preview:-1\" \/>\n<link rel=\"canonical\" href=\"https:\/\/www.yavuzcehre.com.tr\/en\/2022-surdurulebilirlik-raporu\/\" \/>\n<meta property=\"og:locale\" content=\"en_US\" \/>\n<meta property=\"og:type\" content=\"article\" \/>\n<meta property=\"og:title\" content=\"2022 S\u00fcrd\u00fcr\u00fclebilirlik Raporu - YAVUZ\u00c7EHRE\" \/>\n<meta property=\"og:url\" content=\"https:\/\/www.yavuzcehre.com.tr\/en\/2022-surdurulebilirlik-raporu\/\" \/>\n<meta property=\"og:site_name\" content=\"YAVUZ\u00c7EHRE\" \/>\n<meta property=\"article:publisher\" content=\"https:\/\/www.facebook.com\/yavuzcehretekstil\/\" \/>\n<meta property=\"article:modified_time\" content=\"2024-02-05T07:05:35+00:00\" \/>\n<meta name=\"twitter:card\" content=\"summary_large_image\" \/>\n<script type=\"application\/ld+json\" class=\"yoast-schema-graph\">{\"@context\":\"https:\/\/schema.org\",\"@graph\":[{\"@type\":\"WebPage\",\"@id\":\"https:\/\/www.yavuzcehre.com.tr\/2022-surdurulebilirlik-raporu\/\",\"url\":\"https:\/\/www.yavuzcehre.com.tr\/2022-surdurulebilirlik-raporu\/\",\"name\":\"2022 S\u00fcrd\u00fcr\u00fclebilirlik Raporu - YAVUZ\u00c7EHRE\",\"isPartOf\":{\"@id\":\"https:\/\/www.yavuzcehre.com.tr\/#website\"},\"datePublished\":\"2024-01-24T13:12:11+00:00\",\"dateModified\":\"2024-02-05T07:05:35+00:00\",\"inLanguage\":\"en-US\",\"potentialAction\":[{\"@type\":\"ReadAction\",\"target\":[\"https:\/\/www.yavuzcehre.com.tr\/2022-surdurulebilirlik-raporu\/\"]}]},{\"@type\":\"WebSite\",\"@id\":\"https:\/\/www.yavuzcehre.com.tr\/#website\",\"url\":\"https:\/\/www.yavuzcehre.com.tr\/\",\"name\":\"YAVUZ\u00c7EHRE\",\"description\":\"Yavuz\u00e7ehre Tekstil\",\"publisher\":{\"@id\":\"https:\/\/www.yavuzcehre.com.tr\/#organization\"},\"potentialAction\":[{\"@type\":\"SearchAction\",\"target\":{\"@type\":\"EntryPoint\",\"urlTemplate\":\"https:\/\/www.yavuzcehre.com.tr\/?s={search_term_string}\"},\"query-input\":\"required name=search_term_string\"}],\"inLanguage\":\"en-US\"},{\"@type\":\"Organization\",\"@id\":\"https:\/\/www.yavuzcehre.com.tr\/#organization\",\"name\":\"YAVUZCEHRE TEXTILE\",\"url\":\"https:\/\/www.yavuzcehre.com.tr\/\",\"logo\":{\"@type\":\"ImageObject\",\"inLanguage\":\"en-US\",\"@id\":\"https:\/\/www.yavuzcehre.com.tr\/#\/schema\/logo\/image\/\",\"url\":\"https:\/\/www.yavuzcehre.com.tr\/wp-content\/uploads\/2021\/06\/yavuzcehre-logo-f.png\",\"contentUrl\":\"https:\/\/www.yavuzcehre.com.tr\/wp-content\/uploads\/2021\/06\/yavuzcehre-logo-f.png\",\"width\":270,\"height\":40,\"caption\":\"YAVUZCEHRE TEXTILE\"},\"image\":{\"@id\":\"https:\/\/www.yavuzcehre.com.tr\/#\/schema\/logo\/image\/\"},\"sameAs\":[\"https:\/\/www.facebook.com\/yavuzcehretekstil\/\",\"https:\/\/www.instagram.com\/yavuzcehretekstil\/\",\"https:\/\/www.linkedin.com\/company\/yavuzcehretekstil\/\"]}]}<\/script>\n<!-- \/ Yoast SEO plugin. -->","yoast_head_json":{"title":"2022 S\u00fcrd\u00fcr\u00fclebilirlik Raporu - YAVUZ\u00c7EHRE","robots":{"index":"index","follow":"follow","max-snippet":"max-snippet:-1","max-image-preview":"max-image-preview:large","max-video-preview":"max-video-preview:-1"},"canonical":"https:\/\/www.yavuzcehre.com.tr\/en\/2022-surdurulebilirlik-raporu\/","og_locale":"en_US","og_type":"article","og_title":"2022 S\u00fcrd\u00fcr\u00fclebilirlik Raporu - YAVUZ\u00c7EHRE","og_url":"https:\/\/www.yavuzcehre.com.tr\/en\/2022-surdurulebilirlik-raporu\/","og_site_name":"YAVUZ\u00c7EHRE","article_publisher":"https:\/\/www.facebook.com\/yavuzcehretekstil\/","article_modified_time":"2024-02-05T07:05:35+00:00","twitter_card":"summary_large_image","schema":{"@context":"https:\/\/schema.org","@graph":[{"@type":"WebPage","@id":"https:\/\/www.yavuzcehre.com.tr\/2022-surdurulebilirlik-raporu\/","url":"https:\/\/www.yavuzcehre.com.tr\/2022-surdurulebilirlik-raporu\/","name":"2022 S\u00fcrd\u00fcr\u00fclebilirlik Raporu - YAVUZ\u00c7EHRE","isPartOf":{"@id":"https:\/\/www.yavuzcehre.com.tr\/#website"},"datePublished":"2024-01-24T13:12:11+00:00","dateModified":"2024-02-05T07:05:35+00:00","inLanguage":"en-US","potentialAction":[{"@type":"ReadAction","target":["https:\/\/www.yavuzcehre.com.tr\/2022-surdurulebilirlik-raporu\/"]}]},{"@type":"WebSite","@id":"https:\/\/www.yavuzcehre.com.tr\/#website","url":"https:\/\/www.yavuzcehre.com.tr\/","name":"YAVUZ\u00c7EHRE","description":"Yavuz\u00e7ehre Tekstil","publisher":{"@id":"https:\/\/www.yavuzcehre.com.tr\/#organization"},"potentialAction":[{"@type":"SearchAction","target":{"@type":"EntryPoint","urlTemplate":"https:\/\/www.yavuzcehre.com.tr\/?s={search_term_string}"},"query-input":"required name=search_term_string"}],"inLanguage":"en-US"},{"@type":"Organization","@id":"https:\/\/www.yavuzcehre.com.tr\/#organization","name":"YAVUZCEHRE TEXTILE","url":"https:\/\/www.yavuzcehre.com.tr\/","logo":{"@type":"ImageObject","inLanguage":"en-US","@id":"https:\/\/www.yavuzcehre.com.tr\/#\/schema\/logo\/image\/","url":"https:\/\/www.yavuzcehre.com.tr\/wp-content\/uploads\/2021\/06\/yavuzcehre-logo-f.png","contentUrl":"https:\/\/www.yavuzcehre.com.tr\/wp-content\/uploads\/2021\/06\/yavuzcehre-logo-f.png","width":270,"height":40,"caption":"YAVUZCEHRE TEXTILE"},"image":{"@id":"https:\/\/www.yavuzcehre.com.tr\/#\/schema\/logo\/image\/"},"sameAs":["https:\/\/www.facebook.com\/yavuzcehretekstil\/","https:\/\/www.instagram.com\/yavuzcehretekstil\/","https:\/\/www.linkedin.com\/company\/yavuzcehretekstil\/"]}]}},"jetpack_sharing_enabled":true,"_links":{"self":[{"href":"https:\/\/www.yavuzcehre.com.tr\/en\/wp-json\/wp\/v2\/pages\/427","targetHints":{"allow":["GET"]}}],"collection":[{"href":"https:\/\/www.yavuzcehre.com.tr\/en\/wp-json\/wp\/v2\/pages"}],"about":[{"href":"https:\/\/www.yavuzcehre.com.tr\/en\/wp-json\/wp\/v2\/types\/page"}],"author":[{"embeddable":true,"href":"https:\/\/www.yavuzcehre.com.tr\/en\/wp-json\/wp\/v2\/users\/4"}],"replies":[{"embeddable":true,"href":"https:\/\/www.yavuzcehre.com.tr\/en\/wp-json\/wp\/v2\/comments?post=427"}],"version-history":[{"count":5,"href":"https:\/\/www.yavuzcehre.com.tr\/en\/wp-json\/wp\/v2\/pages\/427\/revisions"}],"predecessor-version":[{"id":2117,"href":"https:\/\/www.yavuzcehre.com.tr\/en\/wp-json\/wp\/v2\/pages\/427\/revisions\/2117"}],"wp:attachment":[{"href":"https:\/\/www.yavuzcehre.com.tr\/en\/wp-json\/wp\/v2\/media?parent=427"}],"curies":[{"name":"wp","href":"https:\/\/api.w.org\/{rel}","templated":true}]}}